{"id":606,"date":"2025-05-03T22:12:00","date_gmt":"2025-05-03T22:12:00","guid":{"rendered":"https:\/\/sicaesa.com\/?page_id=606"},"modified":"2025-05-04T01:01:50","modified_gmt":"2025-05-04T01:01:50","slug":"servicios","status":"publish","type":"page","link":"https:\/\/sicaesa.com\/index.php\/servicios\/","title":{"rendered":"Servicios"},"content":{"rendered":"\t\t<div data-elementor-type=\"wp-page\" data-elementor-id=\"606\" class=\"elementor elementor-606\">\n\t\t\t\t<div class=\"elementor-element elementor-element-816a4cf e-flex e-con-boxed e-con e-parent\" data-id=\"816a4cf\" data-element_type=\"container\">\n\t\t\t\t\t<div class=\"e-con-inner\">\n\t\t\t\t<div class=\"elementor-element elementor-element-cefee3f elementor-widget-mobile__width-inherit elementor-widget elementor-widget-html\" data-id=\"cefee3f\" data-element_type=\"widget\" data-widget_type=\"html.default\">\n\t\t\t\t<div class=\"elementor-widget-container\">\n\t\t\t\t\t<div style=\"font-family: 'Roboto', sans-serif; text-align: center; margin-top: 50px;\">\r\n\r\n  <h2 style=\"color: #FF6217; margin-bottom: 40px; font-size: 36px; font-weight: 700;\">Nuestros Productos y Servicios<\/h2>\r\n\r\n  <p style=\"color: #4D4D4D; font-size: 18px; line-height: 1.6; margin-bottom: 40px;\">\r\n    En nuestra empresa ofrecemos soluciones integrales para el crecimiento y desarrollo de su negocio. \r\n    <strong>Consultor\u00eda Empresarial<\/strong> es uno de nuestros servicios clave...\r\n  <\/p>\r\n\r\n  <!-- Agregamos la clase productos-grid aqu\u00ed -->\r\n  <div class=\"productos-grid\">\r\n    <!-- Carta gen\u00e9rica (replic\u00e1 este modelo para cada servicio) -->\r\n    <div style=\"background-color: #ffffff; padding: 30px; border-radius: 16px; border: 2px solid #f26623; text-align: left; transition: transform 0.3s ease;\">\r\n      <div style=\"display: flex; align-items: center; gap: 10px; margin-bottom: 15px;\">\r\n        <i class=\"fas fa-calculator\" style=\"font-size: 26px; color: #FF6217;\"><\/i>\r\n        <h3 style=\"color: #FF6217; font-size: 22px; margin: 0;\">Contabilidad General<\/h3>\r\n      <\/div>\r\n      <p style=\"color: #4D4D4D; font-size: 16px;\">Servicio integral de contabilidad para todo tipo de empresa, asegurando la correcta gesti\u00f3n de registros financieros.<\/p>\r\n    <\/div>\r\n\r\n    <div style=\"background-color: #ffffff; padding: 30px; border-radius: 16px; border: 2px solid #f26623; text-align: left; transition: transform 0.3s ease;\">\r\n      <div style=\"display: flex; align-items: center; gap: 10px; margin-bottom: 15px;\">\r\n        <i class=\"fas fa-tags\" style=\"font-size: 26px; color: #FF6217;\"><\/i>\r\n        <h3 style=\"color: #FF6217; font-size: 22px; margin: 0;\">Costos<\/h3>\r\n      <\/div>\r\n      <p style=\"color: #4D4D4D; font-size: 16px;\">An\u00e1lisis detallado de los costos para optimizar la rentabilidad y eficiencia en los procesos empresariales.<\/p>\r\n    <\/div>\r\n\r\n    <div style=\"background-color: #ffffff; padding: 30px; border-radius: 16px; border: 2px solid #f26623; text-align: left; transition: transform 0.3s ease;\">\r\n      <div style=\"display: flex; align-items: center; gap: 10px; margin-bottom: 15px;\">\r\n        <i class=\"fas fa-file-invoice-dollar\" style=\"font-size: 26px; color: #FF6217;\"><\/i>\r\n        <h3 style=\"color: #FF6217; font-size: 22px; margin: 0;\">Auditor\u00edas de Impuestos<\/h3>\r\n      <\/div>\r\n      <p style=\"color: #4D4D4D; font-size: 16px;\">Realizamos auditor\u00edas fiscales para asegurar el cumplimiento normativo y la optimizaci\u00f3n de los recursos tributarios.<\/p>\r\n    <\/div>\r\n\r\n    <div style=\"background-color: #ffffff; padding: 30px; border-radius: 16px; border: 2px solid #f26623; text-align: left; transition: transform 0.3s ease;\">\r\n      <div style=\"display: flex; align-items: center; gap: 10px; margin-bottom: 15px;\">\r\n        <i class=\"fas fa-search\" style=\"font-size: 26px; color: #FF6217;\"><\/i>\r\n        <h3 style=\"color: #FF6217; font-size: 22px; margin: 0;\">Auditor\u00edas Puntuales<\/h3>\r\n      <\/div>\r\n      <p style=\"color: #4D4D4D; font-size: 16px;\">Auditor\u00edas a medida por departamentos o \u00e1reas espec\u00edficas para detectar oportunidades de mejora.<\/p>\r\n    <\/div>\r\n\r\n    <div style=\"background-color: #ffffff; padding: 30px; border-radius: 16px; border: 2px solid #f26623; text-align: left; transition: transform 0.3s ease;\">\r\n      <div style=\"display: flex; align-items: center; gap: 10px; margin-bottom: 15px;\">\r\n        <i class=\"fas fa-cogs\" style=\"font-size: 26px; color: #FF6217;\"><\/i>\r\n        <h3 style=\"color: #FF6217; font-size: 22px; margin: 0;\">Auditor\u00edas de Gesti\u00f3n<\/h3>\r\n      <\/div>\r\n      <p style=\"color: #4D4D4D; font-size: 16px;\">Evaluaci\u00f3n de los procesos internos de gesti\u00f3n para garantizar su eficacia y eficiencia.<\/p>\r\n    <\/div>\r\n\r\n    <div style=\"background-color: #ffffff; padding: 30px; border-radius: 16px; border: 2px solid #f26623; text-align: left; transition: transform 0.3s ease;\">\r\n      <div style=\"display: flex; align-items: center; gap: 10px; margin-bottom: 15px;\">\r\n        <i class=\"fas fa-tasks\" style=\"font-size: 26px; color: #FF6217;\"><\/i>\r\n        <h3 style=\"color: #FF6217; font-size: 22px; margin: 0;\">Organizaci\u00f3n y M\u00e9todo<\/h3>\r\n      <\/div>\r\n      <p style=\"color: #4D4D4D; font-size: 16px;\">Implementaci\u00f3n de metodolog\u00edas eficientes para la gesti\u00f3n empresarial y organizaci\u00f3n de procesos.<\/p>\r\n    <\/div>\r\n\r\n  <\/div>\r\n<\/div>\r\n\r\n<!-- Estilos Responsivos -->\r\n<style>\r\n  .productos-grid {\r\n    display: grid;\r\n    grid-template-columns: repeat(4, 1fr);\r\n    gap: 20px;\r\n    justify-items: center;\r\n    margin: 0 20px;\r\n  }\r\n\r\n  .productos-grid > div {\r\n    background-color: #ffffff;\r\n    padding: 30px;\r\n    border-radius: 16px;\r\n    border: 2px solid #f26623;\r\n    text-align: left;\r\n    transition: transform 0.3s ease;\r\n    width: 100%; \/* Para que se adapte al ancho de columna *\/\r\n    box-sizing: border-box;\r\n  }\r\n\r\n  @media (max-width: 1200px) {\r\n    .productos-grid {\r\n      grid-template-columns: repeat(3, 1fr);\r\n    }\r\n  }\r\n\r\n  @media (max-width: 768px) {\r\n    .productos-grid {\r\n      grid-template-columns: repeat(2, 1fr);\r\n    }\r\n  }\r\n\r\n  @media (max-width: 480px) {\r\n    .productos-grid {\r\n      grid-template-columns: 1fr;\r\n    }\r\n\r\n    .productos-grid > div {\r\n      padding: 20px;\r\n    }\r\n\r\n    h2 {\r\n      font-size: 28px;\r\n    }\r\n\r\n    p {\r\n      font-size: 16px;\r\n    }\r\n  }\r\n<\/style>\r\n\t\t\t\t<\/div>\n\t\t\t\t<\/div>\n\t\t\t\t\t<\/div>\n\t\t\t\t<\/div>\n\t\t<div class=\"elementor-element elementor-element-c754ffa e-flex e-con-boxed e-con e-parent\" data-id=\"c754ffa\" data-element_type=\"container\">\n\t\t\t\t\t<div class=\"e-con-inner\">\n\t\t\t\t<div class=\"elementor-element elementor-element-d37842b elementor-widget elementor-widget-html\" data-id=\"d37842b\" data-element_type=\"widget\" data-widget_type=\"html.default\">\n\t\t\t\t<div class=\"elementor-widget-container\">\n\t\t\t\t\t<!DOCTYPE html>\r\n<html lang=\"es\">\r\n<head>\r\n  <meta charset=\"UTF-8\">\r\n  <meta name=\"viewport\" content=\"width=device-width, initial-scale=1.0\">\r\n  <title>Consultor\u00eda<\/title>\r\n  <link rel=\"stylesheet\" href=\"https:\/\/use.fontawesome.com\/releases\/v5.15.4\/css\/all.css\">\r\n  <style>\r\n    body {\r\n      font-family: 'Roboto', sans-serif;\r\n      margin: 0;\r\n      padding: 0;\r\n      text-align: center;\r\n    }\r\n\r\n    h2 {\r\n      color: #FF6217;\r\n      margin: 50px 20px 40px;\r\n      font-size: 36px;\r\n      font-weight: 700;\r\n    }\r\n\r\n    .talento-grid {\r\n      display: grid;\r\n      grid-template-columns: repeat(4, 1fr);\r\n      gap: 20px;\r\n      justify-items: center;\r\n      margin: 0 20px 50px;\r\n    }\r\n\r\n    .carta {\r\n      background-color: #ffffff;\r\n      padding: 30px;\r\n      border-radius: 16px;\r\n      border: 2px solid #f26623;\r\n      text-align: left;\r\n      transition: transform 0.3s ease;\r\n      width: 100%;\r\n      max-width: 300px;\r\n    }\r\n\r\n    .carta h3 {\r\n      color: #FF6217;\r\n      font-size: 24px;\r\n      margin-bottom: 15px;\r\n      display: flex;\r\n      align-items: center;\r\n      gap: 10px;\r\n    }\r\n\r\n    .carta p {\r\n      color: #4D4D4D;\r\n      font-size: 16px;\r\n    }\r\n\r\n    @media (max-width: 1200px) {\r\n      .talento-grid {\r\n        grid-template-columns: repeat(3, 1fr);\r\n      }\r\n    }\r\n\r\n    @media (max-width: 768px) {\r\n      .talento-grid {\r\n        grid-template-columns: repeat(2, 1fr);\r\n      }\r\n    }\r\n\r\n    @media (max-width: 480px) {\r\n      .talento-grid {\r\n        grid-template-columns: 1fr;\r\n      }\r\n\r\n      .carta {\r\n        padding: 20px;\r\n      }\r\n\r\n      h2 {\r\n        font-size: 28px;\r\n      }\r\n\r\n      .carta p {\r\n        font-size: 15px;\r\n      }\r\n    }\r\n  <\/style>\r\n<\/head>\r\n<body>\r\n\r\n  <h2>Consultor\u00eda de Talentos Humanos<\/h2>\r\n\r\n  <div class=\"talento-grid\">\r\n\r\n    <div class=\"carta\">\r\n      <h3><i class=\"fas fa-users\"><\/i> B\u00fasqueda y Reclutamiento de Personas<\/h3>\r\n      <p>Proceso de selecci\u00f3n de candidatos adecuados para cubrir vacantes, buscando el mejor encaje con la cultura de la empresa.<\/p>\r\n    <\/div>\r\n\r\n    <div class=\"carta\">\r\n      <h3><i class=\"fas fa-clipboard-check\"><\/i> Aplicaci\u00f3n de Test Psicot\u00e9cnicos y de Habilidades<\/h3>\r\n      <p>Evaluaci\u00f3n de competencias, habilidades y aptitudes de los candidatos para asegurar el mejor desempe\u00f1o en el cargo.<\/p>\r\n    <\/div>\r\n\r\n    <div class=\"carta\">\r\n      <h3><i class=\"fas fa-chalkboard-teacher\"><\/i> Capacitaciones<\/h3>\r\n      <p>Programas de formaci\u00f3n y desarrollo dirigidos a mejorar las habilidades y competencias del personal.<\/p>\r\n    <\/div>\r\n\r\n    <div class=\"carta\">\r\n      <h3><i class=\"fas fa-smile\"><\/i> Medici\u00f3n de Clima Organizacional<\/h3>\r\n      <p>Evaluaci\u00f3n del ambiente laboral para identificar \u00e1reas de mejora y fortalecer el bienestar en la empresa.<\/p>\r\n    <\/div>\r\n\r\n    <div class=\"carta\">\r\n      <h3><i class=\"fas fa-briefcase\"><\/i> Asesor\u00eda Integral de Evaluaci\u00f3n de Cargos<\/h3>\r\n      <p>An\u00e1lisis y evaluaci\u00f3n de los cargos dentro de la empresa para optimizar la asignaci\u00f3n de tareas y responsabilidades.<\/p>\r\n    <\/div>\r\n\r\n    <div class=\"carta\">\r\n      <h3><i class=\"fas fa-gavel\"><\/i> Asesor\u00eda Legal para Casos de Desvinculaciones<\/h3>\r\n      <p>Asesor\u00eda jur\u00eddica especializada en casos de desvinculaci\u00f3n laboral, asegurando el cumplimiento de la normativa vigente.<\/p>\r\n    <\/div>\r\n\r\n    <div class=\"carta\">\r\n      <h3><i class=\"fas fa-dollar-sign\"><\/i> Administraci\u00f3n de Salarios<\/h3>\r\n      <p>Gesti\u00f3n de salarios, beneficios y compensaciones, optimizando los recursos en la administraci\u00f3n del personal.<\/p>\r\n    <\/div>\r\n\r\n  <\/div>\r\n\r\n<\/body>\r\n<\/html>\r\n\r\n\t\t\t\t<\/div>\n\t\t\t\t<\/div>\n\t\t\t\t\t<\/div>\n\t\t\t\t<\/div>\n\t\t<div class=\"elementor-element elementor-element-90df054 e-flex e-con-boxed e-con e-parent\" data-id=\"90df054\" data-element_type=\"container\">\n\t\t\t\t\t<div class=\"e-con-inner\">\n\t\t\t\t<div class=\"elementor-element elementor-element-80fff06 elementor-widget elementor-widget-html\" data-id=\"80fff06\" data-element_type=\"widget\" data-widget_type=\"html.default\">\n\t\t\t\t<div class=\"elementor-widget-container\">\n\t\t\t\t\t<div style=\"font-family: 'Roboto', sans-serif; text-align: center; margin-top: 50px;\">\r\n  <h2 style=\"color: #FF6217; margin-bottom: 40px; font-size: 36px; font-weight: 700;\">\r\n    Servicios de Soluciones Empresariales Personalizadas\r\n  <\/h2>\r\n\r\n  <div class=\"servicios-grid\" style=\"margin: 0 20px;\">\r\n    <!-- Carta Marketing y Publicidad -->\r\n    <div class=\"servicio-carta\">\r\n      <div class=\"servicio-header\">\r\n        <i class=\"fas fa-bullhorn\"><\/i>\r\n        <h3>Marketing Digital y Publicidad Estrat\u00e9gica<\/h3>\r\n      <\/div>\r\n      <p>Implementamos campa\u00f1as de marketing digital, publicidad en redes sociales y estrategias multicanal para potenciar tu marca y atraer clientes potenciales.<\/p>\r\n    <\/div>\r\n\r\n    <!-- Carta Uniformes Empresariales -->\r\n    <div class=\"servicio-carta\">\r\n      <div class=\"servicio-header\">\r\n        <i class=\"fas fa-tshirt\"><\/i>\r\n        <h3>Dise\u00f1o y Fabricaci\u00f3n de Uniformes Corporativos<\/h3>\r\n      <\/div>\r\n      <p>Ofrecemos uniformes personalizados que refuerzan la identidad visual de tu empresa, mejoran la imagen profesional y fortalecen el sentido de pertenencia del equipo.<\/p>\r\n    <\/div>\r\n\r\n    <!-- Carta Servicios Gr\u00e1ficos -->\r\n    <div class=\"servicio-carta\">\r\n      <div class=\"servicio-header\">\r\n        <i class=\"fas fa-paint-brush\"><\/i>\r\n        <h3>Dise\u00f1o Gr\u00e1fico Profesional<\/h3>\r\n      <\/div>\r\n      <p>Desarrollamos logotipos, folletos, banners y materiales visuales que fortalecen la identidad corporativa y mejoran la comunicaci\u00f3n visual con tus clientes.<\/p>\r\n    <\/div>\r\n\r\n    <!-- Carta Asesor\u00edas en Seguros -->\r\n    <div class=\"servicio-carta\">\r\n      <div class=\"servicio-header\">\r\n        <i class=\"fas fa-shield-alt\"><\/i>\r\n        <h3>Asesor\u00eda Empresarial en Seguros<\/h3>\r\n      <\/div>\r\n      <p>Brindamos consultor\u00eda en seguros comerciales, protecci\u00f3n de activos, seguros laborales y cobertura de riesgos, adaptados a las necesidades de tu empresa.<\/p>\r\n    <\/div>\r\n  <\/div>\r\n<\/div>\r\n\r\n<style>\r\n  .servicios-grid {\r\n    display: grid;\r\n    grid-template-columns: repeat(4, 1fr);\r\n    gap: 20px;\r\n    justify-items: center;\r\n  }\r\n\r\n  .servicio-carta {\r\n    background-color: #ffffff;\r\n    padding: 30px;\r\n    border-radius: 16px;\r\n    border: 2px solid #f26623;\r\n    text-align: left;\r\n    transition: transform 0.3s ease;\r\n  }\r\n\r\n  .servicio-header {\r\n    display: flex;\r\n    align-items: center;\r\n    color: #FF6217;\r\n    font-size: 24px;\r\n    margin-bottom: 15px;\r\n  }\r\n\r\n  .servicio-header i {\r\n    font-size: 28px;\r\n    margin-right: 10px;\r\n  }\r\n\r\n  .servicio-header h3 {\r\n    margin: 0;\r\n    font-size: 20px;\r\n  }\r\n\r\n  .servicio-carta p {\r\n    color: #4D4D4D;\r\n    font-size: 16px;\r\n  }\r\n\r\n  \/* Responsividad *\/\r\n  @media (max-width: 1200px) {\r\n    .servicios-grid {\r\n      grid-template-columns: repeat(3, 1fr);\r\n    }\r\n  }\r\n\r\n  @media (max-width: 768px) {\r\n    .servicios-grid {\r\n      grid-template-columns: repeat(2, 1fr);\r\n    }\r\n  }\r\n\r\n  @media (max-width: 480px) {\r\n    .servicios-grid {\r\n      grid-template-columns: 1fr;\r\n    }\r\n\r\n    .servicio-carta {\r\n      padding: 20px;\r\n    }\r\n\r\n    h2 {\r\n      font-size: 28px;\r\n    }\r\n\r\n    .servicio-carta p {\r\n      font-size: 16px;\r\n    }\r\n  }\r\n<\/style>\r\n\r\n\t\t\t\t<\/div>\n\t\t\t\t<\/div>\n\t\t\t\t\t<\/div>\n\t\t\t\t<\/div>\n\t\t\t\t<\/div>\n\t\t","protected":false},"excerpt":{"rendered":"<p>Nuestros Productos y Servicios En nuestra empresa ofrecemos soluciones integrales para el crecimiento y desarrollo de su negocio. Consultor\u00eda Empresarial [&hellip;]<\/p>\n","protected":false},"author":1,"featured_media":0,"parent":0,"menu_order":0,"comment_status":"closed","ping_status":"closed","template":"","meta":{"site-sidebar-layout":"no-sidebar","site-content-layout":"","ast-site-content-layout":"full-width-container","site-content-style":"default","site-sidebar-style":"default","ast-global-header-display":"","ast-banner-title-visibility":"","ast-main-header-display":"","ast-hfb-above-header-display":"","ast-hfb-below-header-display":"","ast-hfb-mobile-header-display":"","site-post-title":"disabled","ast-breadcrumbs-content":"","ast-featured-img":"disabled","footer-sml-layout":"","theme-transparent-header-meta":"","adv-header-id-meta":"","stick-header-meta":"","header-above-stick-meta":"","header-main-stick-meta":"","header-below-stick-meta":"","astra-migrate-meta-layouts":"default","ast-page-background-enabled":"default","ast-page-background-meta":{"desktop":{"background-color":"var(--ast-global-color-5)","background-image":"","background-repeat":"repeat","background-position":"center center","background-size":"auto","background-attachment":"scroll","background-type":"","background-media":"","overlay-type":"","overlay-color":"","overlay-opacity":"","overlay-gradient":""},"tablet":{"background-color":"","background-image":"","background-repeat":"repeat","background-position":"center center","background-size":"auto","background-attachment":"scroll","background-type":"","background-media":"","overlay-type":"","overlay-color":"","overlay-opacity":"","overlay-gradient":""},"mobile":{"background-color":"","background-image":"","background-repeat":"repeat","background-position":"center center","background-size":"auto","background-attachment":"scroll","background-type":"","background-media":"","overlay-type":"","overlay-color":"","overlay-opacity":"","overlay-gradient":""}},"ast-content-background-meta":{"desktop":{"background-color":"var(--ast-global-color-4)","background-image":"","background-repeat":"repeat","background-position":"center center","background-size":"auto","background-attachment":"scroll","background-type":"","background-media":"","overlay-type":"","overlay-color":"","overlay-opacity":"","overlay-gradient":""},"tablet":{"background-color":"var(--ast-global-color-4)","background-image":"","background-repeat":"repeat","background-position":"center center","background-size":"auto","background-attachment":"scroll","background-type":"","background-media":"","overlay-type":"","overlay-color":"","overlay-opacity":"","overlay-gradient":""},"mobile":{"background-color":"var(--ast-global-color-4)","background-image":"","background-repeat":"repeat","background-position":"center center","background-size":"auto","background-attachment":"scroll","background-type":"","background-media":"","overlay-type":"","overlay-color":"","overlay-opacity":"","overlay-gradient":""}},"footnotes":""},"class_list":["post-606","page","type-page","status-publish","hentry"],"yoast_head":"<!-- This site is optimized with the Yoast SEO plugin v24.8.1 - https:\/\/yoast.com\/wordpress\/plugins\/seo\/ -->\n<title>Servicios -<\/title>\n<meta name=\"robots\" content=\"index, follow, max-snippet:-1, max-image-preview:large, max-video-preview:-1\" \/>\n<link rel=\"canonical\" href=\"https:\/\/sicaesa.com\/index.php\/servicios\/\" \/>\n<meta property=\"og:locale\" content=\"es_ES\" \/>\n<meta property=\"og:type\" content=\"article\" \/>\n<meta property=\"og:title\" content=\"Servicios -\" \/>\n<meta property=\"og:description\" content=\"Nuestros Productos y Servicios En nuestra empresa ofrecemos soluciones integrales para el crecimiento y desarrollo de su negocio. Consultor\u00eda Empresarial [&hellip;]\" \/>\n<meta property=\"og:url\" content=\"https:\/\/sicaesa.com\/index.php\/servicios\/\" \/>\n<meta property=\"article:modified_time\" content=\"2025-05-04T01:01:50+00:00\" \/>\n<meta name=\"twitter:card\" content=\"summary_large_image\" \/>\n<meta name=\"twitter:label1\" content=\"Tiempo de lectura\" \/>\n\t<meta name=\"twitter:data1\" content=\"1 minuto\" \/>\n<script type=\"application\/ld+json\" class=\"yoast-schema-graph\">{\"@context\":\"https:\/\/schema.org\",\"@graph\":[{\"@type\":\"WebPage\",\"@id\":\"https:\/\/sicaesa.com\/index.php\/servicios\/\",\"url\":\"https:\/\/sicaesa.com\/index.php\/servicios\/\",\"name\":\"Servicios -\",\"isPartOf\":{\"@id\":\"https:\/\/sicaesa.com\/#website\"},\"datePublished\":\"2025-05-03T22:12:00+00:00\",\"dateModified\":\"2025-05-04T01:01:50+00:00\",\"breadcrumb\":{\"@id\":\"https:\/\/sicaesa.com\/index.php\/servicios\/#breadcrumb\"},\"inLanguage\":\"es\",\"potentialAction\":[{\"@type\":\"ReadAction\",\"target\":[\"https:\/\/sicaesa.com\/index.php\/servicios\/\"]}]},{\"@type\":\"BreadcrumbList\",\"@id\":\"https:\/\/sicaesa.com\/index.php\/servicios\/#breadcrumb\",\"itemListElement\":[{\"@type\":\"ListItem\",\"position\":1,\"name\":\"Portada\",\"item\":\"https:\/\/sicaesa.com\/\"},{\"@type\":\"ListItem\",\"position\":2,\"name\":\"Servicios\"}]},{\"@type\":\"WebSite\",\"@id\":\"https:\/\/sicaesa.com\/#website\",\"url\":\"https:\/\/sicaesa.com\/\",\"name\":\"\",\"description\":\"\",\"potentialAction\":[{\"@type\":\"SearchAction\",\"target\":{\"@type\":\"EntryPoint\",\"urlTemplate\":\"https:\/\/sicaesa.com\/?s={search_term_string}\"},\"query-input\":{\"@type\":\"PropertyValueSpecification\",\"valueRequired\":true,\"valueName\":\"search_term_string\"}}],\"inLanguage\":\"es\"}]}<\/script>\n<!-- \/ Yoast SEO plugin. -->","yoast_head_json":{"title":"Servicios -","robots":{"index":"index","follow":"follow","max-snippet":"max-snippet:-1","max-image-preview":"max-image-preview:large","max-video-preview":"max-video-preview:-1"},"canonical":"https:\/\/sicaesa.com\/index.php\/servicios\/","og_locale":"es_ES","og_type":"article","og_title":"Servicios -","og_description":"Nuestros Productos y Servicios En nuestra empresa ofrecemos soluciones integrales para el crecimiento y desarrollo de su negocio. Consultor\u00eda Empresarial [&hellip;]","og_url":"https:\/\/sicaesa.com\/index.php\/servicios\/","article_modified_time":"2025-05-04T01:01:50+00:00","twitter_card":"summary_large_image","twitter_misc":{"Tiempo de lectura":"1 minuto"},"schema":{"@context":"https:\/\/schema.org","@graph":[{"@type":"WebPage","@id":"https:\/\/sicaesa.com\/index.php\/servicios\/","url":"https:\/\/sicaesa.com\/index.php\/servicios\/","name":"Servicios -","isPartOf":{"@id":"https:\/\/sicaesa.com\/#website"},"datePublished":"2025-05-03T22:12:00+00:00","dateModified":"2025-05-04T01:01:50+00:00","breadcrumb":{"@id":"https:\/\/sicaesa.com\/index.php\/servicios\/#breadcrumb"},"inLanguage":"es","potentialAction":[{"@type":"ReadAction","target":["https:\/\/sicaesa.com\/index.php\/servicios\/"]}]},{"@type":"BreadcrumbList","@id":"https:\/\/sicaesa.com\/index.php\/servicios\/#breadcrumb","itemListElement":[{"@type":"ListItem","position":1,"name":"Portada","item":"https:\/\/sicaesa.com\/"},{"@type":"ListItem","position":2,"name":"Servicios"}]},{"@type":"WebSite","@id":"https:\/\/sicaesa.com\/#website","url":"https:\/\/sicaesa.com\/","name":"","description":"","potentialAction":[{"@type":"SearchAction","target":{"@type":"EntryPoint","urlTemplate":"https:\/\/sicaesa.com\/?s={search_term_string}"},"query-input":{"@type":"PropertyValueSpecification","valueRequired":true,"valueName":"search_term_string"}}],"inLanguage":"es"}]}},"_links":{"self":[{"href":"https:\/\/sicaesa.com\/index.php\/wp-json\/wp\/v2\/pages\/606","targetHints":{"allow":["GET"]}}],"collection":[{"href":"https:\/\/sicaesa.com\/index.php\/wp-json\/wp\/v2\/pages"}],"about":[{"href":"https:\/\/sicaesa.com\/index.php\/wp-json\/wp\/v2\/types\/page"}],"author":[{"embeddable":true,"href":"https:\/\/sicaesa.com\/index.php\/wp-json\/wp\/v2\/users\/1"}],"replies":[{"embeddable":true,"href":"https:\/\/sicaesa.com\/index.php\/wp-json\/wp\/v2\/comments?post=606"}],"version-history":[{"count":75,"href":"https:\/\/sicaesa.com\/index.php\/wp-json\/wp\/v2\/pages\/606\/revisions"}],"predecessor-version":[{"id":730,"href":"https:\/\/sicaesa.com\/index.php\/wp-json\/wp\/v2\/pages\/606\/revisions\/730"}],"wp:attachment":[{"href":"https:\/\/sicaesa.com\/index.php\/wp-json\/wp\/v2\/media?parent=606"}],"curies":[{"name":"wp","href":"https:\/\/api.w.org\/{rel}","templated":true}]}}